{"id":11877,"date":"2023-11-14T09:41:29","date_gmt":"2023-11-14T08:41:29","guid":{"rendered":"https:\/\/siraarquitectura.com\/?page_id=11877"},"modified":"2023-11-16T15:28:50","modified_gmt":"2023-11-16T14:28:50","slug":"declaracion-de-accesibilidad","status":"publish","type":"page","link":"https:\/\/siraarquitectura.com\/es\/declaracion-de-accesibilidad\/","title":{"rendered":"Declaraci\u00f3n de accesibilidad"},"content":{"rendered":"<p><strong>SIRA arquitectos<\/strong>, se ha comprometido a hacer accesibles sus sitios web, de conformidad con el <a href=\"https:\/\/www.boe.es\/buscar\/act.php?id=BOE-A-2018-12699\">Real Decreto 1112\/2018<\/a>, de 7 de septiembre, sobre accesibilidad de los sitios web y aplicaciones para dispositivos m\u00f3viles, por la que se traspone al ordenamiento jur\u00eddico espa\u00f1ol la <a href=\"http:\/\/eur-lex.europa.eu\/legal-content\/ES\/TXT\/?uri=uriserv:OJ.L_.2016.327.01.0001.01.SPA&amp;toc=OJ:L:2016:327:FULL\">Directiva (UE) 2016\/2102 del Parlamento Europeo y del Consejo<\/a>.<\/p>\n<p>La presente declaraci\u00f3n de accesibilidad se aplica al web <a href=\"https:\/\/siraarquitectura.com\">https:\/\/siraarquitectura.com<\/a><\/p>\n<h2 class=\"western\"><span style=\"color: #333333;\"><span style=\"font-family: Open Sans, serif;\"><br \/>\n<\/span><\/span>Situaci\u00f3n de cumplimiento<\/h2>\n<p>Este sitio web es parcialmente conforme con el <a href=\"https:\/\/www.boe.es\/diario_boe\/txt.php?id=BOE-A-2018-12699\">RD 1112\/2018<\/a> debido a las excepciones y a la falta de conformidad de los aspectos que se indican a continuaci\u00f3n.<\/p>\n<h2>Contenido no accesible<\/h2>\n<p>El contenido que se recoge a continuaci\u00f3n no es accesible por lo siguiente:<\/p>\n<ul type=\"a\">\n<li>a. Falta de conformidad con el RD 1112\/2018<\/li>\n<\/ul>\n<blockquote><p>&#8211; Debido a la automatizaci\u00f3n de algunas de las publicaciones podr\u00edan existir p\u00e1ginas con un incorrecto anidamiento de etiquetas HTML.<\/p><\/blockquote>\n<blockquote><p>&#8211; Existen documentos en formato PDF que no cumplen con la normativa.<\/p><\/blockquote>\n<blockquote><p>&#8211; Podr\u00edan existir fallos puntuales de edici\u00f3n en alguna p\u00e1gina web.<\/p><\/blockquote>\n<ul type=\"a\">\n<li>b. Carga desproporcionada<\/li>\n<\/ul>\n<blockquote><p>&#8211; No aplica.<\/p><\/blockquote>\n<ul type=\"a\">\n<li>c. Contenido que no entra dentro del \u00e1mbito de la legislaci\u00f3n aplicable<\/li>\n<\/ul>\n<blockquote><p>&#8211; Archivos ofim\u00e1ticos en PDF u otros formatos, as\u00ed como aplicaciones publicadas antes del 20 de septiembre de 2018 que no cumplan en su totalidad todos los requisitos de accesibilidad.<\/p><\/blockquote>\n<blockquote><p>&#8211; Contenidos multimedia en directo.<\/p><\/blockquote>\n<blockquote><p>&#8211; Contenido multimedia pregrabado publicado antes de la entrada en vigor del Real Decreto.<\/p><\/blockquote>\n<blockquote><p>&#8211; Servicios de mapa en l\u00ednea.<\/p><\/blockquote>\n<h2>Preparaci\u00f3n de la presente declaraci\u00f3n de accesibilidad<\/h2>\n<p>La presente declaraci\u00f3n fue preparada el 23 de febrero de 2023 y est\u00e1 basada en los Informes de Accesibilidad Web del <a href=\"https:\/\/administracionelectronica.gob.es\/pae_Home\/pae_Estrategias\/pae_Accesibilidad.html\">Observatorio de Accesibilidad<\/a>.<\/p>\n<p>La fecha de la \u00faltima revisi\u00f3n ha sido el 13 de noviembre de 2023.<\/p>\n<p>&nbsp;<\/p>\n<h2>Observaciones y datos de contacto<\/h2>\n<p>Puede realizar comunicaciones sobre requisitos de accesibilidad (art\u00edculo 10.2 del RD 1112\/2018) como por ejemplo:<\/p>\n<blockquote><p>&#8211; Informar sobre cualquier posible incumplimiento por parte de este sitio web<\/p><\/blockquote>\n<blockquote><p>&#8211; Transmitir otras dificultades de acceso al contenido<\/p><\/blockquote>\n<blockquote><p>&#8211; Formular cualquier otra consulta o sugerencia de mejora relativa a la accesibilidad del sitio web<\/p><\/blockquote>\n<p>a trav\u00e9s del correo electr\u00f3nico <a href=\"mailto:info@javajan.com\">info@javajan.com<\/a> indicando en el asunto el nombre de la p\u00e1gina.<\/p>\n<p>&nbsp;<\/p>\n<h2>Contenido opcional<\/h2>\n<p>Este sitio web:<\/p>\n<blockquote><p>&#8211; Se ha dise\u00f1ado adapt\u00e1ndose a los est\u00e1ndares y normativas vigentes en relaci\u00f3n a la accesibilidad, cumpliendo con los puntos de verificaci\u00f3n de prioridad 2 (AA) definidos en la especificaci\u00f3n de Pautas de Accesibilidad al Contenido en la Web (WCAG 2.1).<\/p><\/blockquote>\n<blockquote><p>&#8211; Cumple con los requisitos de la Norma <a href=\"https:\/\/administracionelectronica.gob.es\/pae_Home\/dam\/jcr:2352eaaf-2ee8-4501-a67b-bb682c6de934\/Norma_UNE-EN_301549.pdf\">UNE-EN 301549 v1.1.2:2015<\/a>, considerando las excepciones del Real Decreto 1112\/2018.<\/p><\/blockquote>\n<blockquote><p>&#8211; Est\u00e1 dise\u00f1ado para su correcta visualizaci\u00f3n en dispositivos de escritorio, tablet y m\u00f3viles para una resoluci\u00f3n m\u00ednima de 1280&#215;1024.<\/p><\/blockquote>\n<blockquote><p>&#8211; Se ha realizado utilizando HTML5 como lenguaje de marcado y hojas de estilo CSS 3 para su dise\u00f1o.<\/p><\/blockquote>\n<p>&nbsp;<\/p>\n","protected":false},"excerpt":{"rendered":"<p>SIRA arquitectos, se ha comprometido a hacer accesibles sus sitios web, de conformidad con el Real Decreto 1112\/2018, de 7 de septiembre, sobre accesibilidad de los sitios web y aplicaciones para dispositivos m\u00f3viles, por la que se traspone al ordenamiento jur\u00eddico espa\u00f1ol la Directiva (UE) 2016\/2102 del Parlamento Europeo y del Consejo. La presente declaraci\u00f3n [&hellip;]<\/p>\n","protected":false},"author":1,"featured_media":0,"parent":0,"menu_order":0,"comment_status":"closed","ping_status":"open","template":"","meta":{"footnotes":""},"class_list":["post-11877","page","type-page","status-publish","hentry"],"yoast_head":"<!-- This site is optimized with the Yoast SEO plugin v21.5 - https:\/\/yoast.com\/wordpress\/plugins\/seo\/ -->\n<title>Declaraci\u00f3n de accesibilidad<\/title>\n<meta name=\"robots\" content=\"index, follow, max-snippet:-1, max-image-preview:large, max-video-preview:-1\" \/>\n<link rel=\"canonical\" href=\"https:\/\/siraarquitectura.com\/es\/declaracion-de-accesibilidad\/\" \/>\n<meta property=\"og:locale\" content=\"es_ES\" \/>\n<meta property=\"og:type\" content=\"article\" \/>\n<meta property=\"og:title\" content=\"Declaraci\u00f3n de accesibilidad\" \/>\n<meta property=\"og:description\" content=\"SIRA arquitectos, se ha comprometido a hacer accesibles sus sitios web, de conformidad con el Real Decreto 1112\/2018, de 7 de septiembre, sobre accesibilidad de los sitios web y aplicaciones para dispositivos m\u00f3viles, por la que se traspone al ordenamiento jur\u00eddico espa\u00f1ol la Directiva (UE) 2016\/2102 del Parlamento Europeo y del Consejo. La presente declaraci\u00f3n [&hellip;]\" \/>\n<meta property=\"og:url\" content=\"https:\/\/siraarquitectura.com\/es\/declaracion-de-accesibilidad\/\" \/>\n<meta property=\"og:site_name\" content=\"Susanna Itarte Rubi\u00f3 - arquitecta\" \/>\n<meta property=\"article:modified_time\" content=\"2023-11-16T14:28:50+00:00\" \/>\n<meta name=\"twitter:card\" content=\"summary_large_image\" \/>\n<meta name=\"twitter:label1\" content=\"Tiempo de lectura\" \/>\n\t<meta name=\"twitter:data1\" content=\"2 minutos\" \/>\n<script type=\"application\/ld+json\" class=\"yoast-schema-graph\">{\"@context\":\"https:\/\/schema.org\",\"@graph\":[{\"@type\":\"WebPage\",\"@id\":\"https:\/\/siraarquitectura.com\/es\/declaracion-de-accesibilidad\/\",\"url\":\"https:\/\/siraarquitectura.com\/es\/declaracion-de-accesibilidad\/\",\"name\":\"Declaraci\u00f3n de accesibilidad\",\"isPartOf\":{\"@id\":\"https:\/\/siraarquitectura.com\/#website\"},\"datePublished\":\"2023-11-14T08:41:29+00:00\",\"dateModified\":\"2023-11-16T14:28:50+00:00\",\"breadcrumb\":{\"@id\":\"https:\/\/siraarquitectura.com\/es\/declaracion-de-accesibilidad\/#breadcrumb\"},\"inLanguage\":\"es\",\"potentialAction\":[{\"@type\":\"ReadAction\",\"target\":[\"https:\/\/siraarquitectura.com\/es\/declaracion-de-accesibilidad\/\"]}]},{\"@type\":\"BreadcrumbList\",\"@id\":\"https:\/\/siraarquitectura.com\/es\/declaracion-de-accesibilidad\/#breadcrumb\",\"itemListElement\":[{\"@type\":\"ListItem\",\"position\":1,\"name\":\"Inici\",\"item\":\"https:\/\/siraarquitectura.com\/\"},{\"@type\":\"ListItem\",\"position\":2,\"name\":\"Declaraci\u00f3n de accesibilidad\"}]},{\"@type\":\"WebSite\",\"@id\":\"https:\/\/siraarquitectura.com\/#website\",\"url\":\"https:\/\/siraarquitectura.com\/\",\"name\":\"Susanna Itarte Rubi\u00f3 - arquitecta\",\"description\":\"Estudi d\u2019arquitectura i interiorisme\",\"publisher\":{\"@id\":\"https:\/\/siraarquitectura.com\/#organization\"},\"potentialAction\":[{\"@type\":\"SearchAction\",\"target\":{\"@type\":\"EntryPoint\",\"urlTemplate\":\"https:\/\/siraarquitectura.com\/?s={search_term_string}\"},\"query-input\":\"required name=search_term_string\"}],\"inLanguage\":\"es\"},{\"@type\":\"Organization\",\"@id\":\"https:\/\/siraarquitectura.com\/#organization\",\"name\":\"Susanna Itarte Rubi\u00f3 - arquitecta\",\"url\":\"https:\/\/siraarquitectura.com\/\",\"logo\":{\"@type\":\"ImageObject\",\"inLanguage\":\"es\",\"@id\":\"https:\/\/siraarquitectura.com\/#\/schema\/logo\/image\/\",\"url\":\"https:\/\/siraarquitectura.com\/wp-content\/uploads\/2023\/11\/siralogoweb.png\",\"contentUrl\":\"https:\/\/siraarquitectura.com\/wp-content\/uploads\/2023\/11\/siralogoweb.png\",\"width\":128,\"height\":85,\"caption\":\"Susanna Itarte Rubi\u00f3 - arquitecta\"},\"image\":{\"@id\":\"https:\/\/siraarquitectura.com\/#\/schema\/logo\/image\/\"}}]}<\/script>\n<!-- \/ Yoast SEO plugin. -->","yoast_head_json":{"title":"Declaraci\u00f3n de accesibilidad","robots":{"index":"index","follow":"follow","max-snippet":"max-snippet:-1","max-image-preview":"max-image-preview:large","max-video-preview":"max-video-preview:-1"},"canonical":"https:\/\/siraarquitectura.com\/es\/declaracion-de-accesibilidad\/","og_locale":"es_ES","og_type":"article","og_title":"Declaraci\u00f3n de accesibilidad","og_description":"SIRA arquitectos, se ha comprometido a hacer accesibles sus sitios web, de conformidad con el Real Decreto 1112\/2018, de 7 de septiembre, sobre accesibilidad de los sitios web y aplicaciones para dispositivos m\u00f3viles, por la que se traspone al ordenamiento jur\u00eddico espa\u00f1ol la Directiva (UE) 2016\/2102 del Parlamento Europeo y del Consejo. La presente declaraci\u00f3n [&hellip;]","og_url":"https:\/\/siraarquitectura.com\/es\/declaracion-de-accesibilidad\/","og_site_name":"Susanna Itarte Rubi\u00f3 - arquitecta","article_modified_time":"2023-11-16T14:28:50+00:00","twitter_card":"summary_large_image","twitter_misc":{"Tiempo de lectura":"2 minutos"},"schema":{"@context":"https:\/\/schema.org","@graph":[{"@type":"WebPage","@id":"https:\/\/siraarquitectura.com\/es\/declaracion-de-accesibilidad\/","url":"https:\/\/siraarquitectura.com\/es\/declaracion-de-accesibilidad\/","name":"Declaraci\u00f3n de accesibilidad","isPartOf":{"@id":"https:\/\/siraarquitectura.com\/#website"},"datePublished":"2023-11-14T08:41:29+00:00","dateModified":"2023-11-16T14:28:50+00:00","breadcrumb":{"@id":"https:\/\/siraarquitectura.com\/es\/declaracion-de-accesibilidad\/#breadcrumb"},"inLanguage":"es","potentialAction":[{"@type":"ReadAction","target":["https:\/\/siraarquitectura.com\/es\/declaracion-de-accesibilidad\/"]}]},{"@type":"BreadcrumbList","@id":"https:\/\/siraarquitectura.com\/es\/declaracion-de-accesibilidad\/#breadcrumb","itemListElement":[{"@type":"ListItem","position":1,"name":"Inici","item":"https:\/\/siraarquitectura.com\/"},{"@type":"ListItem","position":2,"name":"Declaraci\u00f3n de accesibilidad"}]},{"@type":"WebSite","@id":"https:\/\/siraarquitectura.com\/#website","url":"https:\/\/siraarquitectura.com\/","name":"Susanna Itarte Rubi\u00f3 - arquitecta","description":"Estudi d\u2019arquitectura i interiorisme","publisher":{"@id":"https:\/\/siraarquitectura.com\/#organization"},"potentialAction":[{"@type":"SearchAction","target":{"@type":"EntryPoint","urlTemplate":"https:\/\/siraarquitectura.com\/?s={search_term_string}"},"query-input":"required name=search_term_string"}],"inLanguage":"es"},{"@type":"Organization","@id":"https:\/\/siraarquitectura.com\/#organization","name":"Susanna Itarte Rubi\u00f3 - arquitecta","url":"https:\/\/siraarquitectura.com\/","logo":{"@type":"ImageObject","inLanguage":"es","@id":"https:\/\/siraarquitectura.com\/#\/schema\/logo\/image\/","url":"https:\/\/siraarquitectura.com\/wp-content\/uploads\/2023\/11\/siralogoweb.png","contentUrl":"https:\/\/siraarquitectura.com\/wp-content\/uploads\/2023\/11\/siralogoweb.png","width":128,"height":85,"caption":"Susanna Itarte Rubi\u00f3 - arquitecta"},"image":{"@id":"https:\/\/siraarquitectura.com\/#\/schema\/logo\/image\/"}}]}},"_links":{"self":[{"href":"https:\/\/siraarquitectura.com\/es\/wp-json\/wp\/v2\/pages\/11877","targetHints":{"allow":["GET"]}}],"collection":[{"href":"https:\/\/siraarquitectura.com\/es\/wp-json\/wp\/v2\/pages"}],"about":[{"href":"https:\/\/siraarquitectura.com\/es\/wp-json\/wp\/v2\/types\/page"}],"author":[{"embeddable":true,"href":"https:\/\/siraarquitectura.com\/es\/wp-json\/wp\/v2\/users\/1"}],"replies":[{"embeddable":true,"href":"https:\/\/siraarquitectura.com\/es\/wp-json\/wp\/v2\/comments?post=11877"}],"version-history":[{"count":6,"href":"https:\/\/siraarquitectura.com\/es\/wp-json\/wp\/v2\/pages\/11877\/revisions"}],"predecessor-version":[{"id":12808,"href":"https:\/\/siraarquitectura.com\/es\/wp-json\/wp\/v2\/pages\/11877\/revisions\/12808"}],"wp:attachment":[{"href":"https:\/\/siraarquitectura.com\/es\/wp-json\/wp\/v2\/media?parent=11877"}],"curies":[{"name":"wp","href":"https:\/\/api.w.org\/{rel}","templated":true}]}}